{"id":504,"date":"2023-12-12T22:49:43","date_gmt":"2023-12-12T22:49:43","guid":{"rendered":"https:\/\/christianholl.de\/impressum-copy\/"},"modified":"2025-08-02T16:38:51","modified_gmt":"2025-08-02T16:38:51","slug":"impressum","status":"publish","type":"page","link":"https:\/\/christianholl.de\/en\/impressum\/","title":{"rendered":"IMPRESSUM"},"content":{"rendered":"","protected":false},"excerpt":{"rendered":"","protected":false},"author":1,"featured_media":0,"parent":0,"menu_order":2,"comment_status":"closed","ping_status":"closed","template":"","meta":[],"class_list":["post-504","page","type-page","status-publish","hentry"],"grid":"{\r\n  \"colCount\": 12,\r\n  \"colGutter\": 1,\r\n  \"rowGutters\": [],\r\n  \"frameMargin\": 5,\r\n  \"leftFrameMargin\": \"3\",\r\n  \"rightFrameMargin\": \"3\",\r\n  \"topFrameMargin\": 40,\r\n  \"bottomFrameMargin\": 5,\r\n  \"rowAttrs\": [\r\n    {\r\n      \"relid\": 1\r\n    }\r\n  ],\r\n  \"bgColor\": \"#111111\",\r\n  \"cont\": [\r\n    {\r\n      \"type\": \"text\",\r\n      \"cont\": \"<p style=\\\"line-height: 1;\\\">\u00a0<\/p><p><span style=\\\"color: #f0f0f0; font-size: 35px;\\\">IMPRESSUM<\/span><\/p><p><span style=\\\"color: #f0f0f0;\\\">\u00a92025 CHRISTIAN HOLL, DIE FOTOGRAF:INNEN UND AUTOR:INNEN<\/span><br \/><span style=\\\"color: #f0f0f0;\\\">ALLE RECHTE VORBEHALTEN<\/span><\/p><p>\u00a0<\/p><p><br \/><span style=\\\"color: #f0f0f0;\\\">CHRISTIAN HOLL<\/span><br \/><span style=\\\"color: #f0f0f0;\\\">FENSKESTR. 23<\/span><br \/><span style=\\\"color: #f0f0f0;\\\">30165 HANNOVER<\/span><br \/><span style=\\\"color: #f0f0f0;\\\">INFO@CHRISTIANHOLL.DE\u2028<\/span><\/p><p>\u00a0<\/p><p>\u00a0<\/p><p><span style=\\\"color: #f0f0f0;\\\">RECHTLICHE HINWEISE<\/span><br \/><span style=\\\"color: #f0f0f0;\\\">\u00a0<\/span><br \/><span style=\\\"color: #f0f0f0;\\\">HAFTUNGSBESCHR\u00c4NKUNG<\/span><br \/><span style=\\\"color: #f0f0f0;\\\">DIE INHALTE DIESER WEBSITE WERDEN MIT GR\u00d6SSTM\u00d6GLICHER SORGFALT ERSTELLT. DER ANBIETER \u00dcBERNIMMT JEDOCH KEINE GEW\u00c4HR F\u00dcR DIE RICHTIGKEIT, VOLLST\u00c4NDIGKEIT UND AKTUALIT\u00c4T DER BEREITGESTELLTEN INHALTE. DIE NUTZUNG DER INHALTE DER WEBSITE ERFOLGT AUF EIGENE GEFAHR DES NUTZERS. NAMENTLICH GEKENNZEICHNETE BEITR\u00c4GE GEBEN DIE MEINUNG DES JEWEILIGEN AUTORS UND NICHT IMMER DIE MEINUNG DES ANBIETERS WIEDER. MIT DER REINEN NUTZUNG DER WEBSITE DES ANBIETERS KOMMT KEINERLEI VERTRAGSVERH\u00c4LTNIS ZWISCHEN DEM NUTZER UND DEM ANBIETER ZUSTANDE.<\/span><\/p><p><span style=\\\"color: #f0f0f0;\\\">EXTERNE LINKS<\/span><br \/><span style=\\\"color: #f0f0f0;\\\">DIESE WEBSITE ENTH\u00c4LT VERKN\u00dcPFUNGEN ZU WEBSITES DRITTER (\u201eEXTERNE LINKS\u201c). DIESE WEBSITES UNTERLIEGEN DER HAFTUNG DER JEWEILIGEN BETREIBER. DER ANBIETER HAT BEI DER ERSTMALIGEN VERKN\u00dcPFUNG DER EXTERNEN LINKS DIE FREMDEN INHALTE DARAUFHIN \u00dcBERPR\u00dcFT, OB ETWAIGE RECHTSVERST\u00d6SSE BESTEHEN. ZU DEM ZEITPUNKT WAREN KEINE RECHTSVERST\u00d6SSE ERSICHTLICH. DER ANBIETER HAT KEINERLEI EINFLUSS AUF DIE AKTUELLE UND ZUK\u00dcNFTIGE GESTALTUNG UND AUF DIE INHALTE DER VERKN\u00dcPFTEN SEITEN. DAS SETZEN VON EXTERNEN LINKS BEDEUTET NICHT, DASS SICH DER ANBIETER DIE HINTER DEM VERWEIS ODER LINK LIEGENDEN INHALTE ZU EIGEN MACHT. EINE ST\u00c4NDIGE KONTROLLE DER EXTERNEN LINKS IST F\u00dcR DEN ANBIETER OHNE KONKRETE HINWEISE AUF RECHTSVERST\u00d6SSE NICHT UMUTBAR. BEI KENNTNIS VON RECHTSVERST\u00d6SSEN WERDEN JEDOCH DERARTIGE EXTERNE LINKS UNVERZ\u00dcGLICH GEL\u00d6SCHT.<\/span><\/p><p><span style=\\\"color: #f0f0f0;\\\">URHEBER- UND LEISTUNGSSCHUTZRECHTE<\/span><br \/><span style=\\\"color: #f0f0f0;\\\">DIE AUF DIESER WEBSITE VER\u00d6FFENTLICHTEN INHALTE UNTERLIEGEN DEM DEUTSCHEN URHEBER- UND LEISTUNGSSCHUTZRECHT. JEDE VOM DEUTSCHEN URHEBER- UND LEISTUNGSSCHUTZRECHT NICHT ZUGELASSENE VERWERTUNG BEDARF DER VORHERIGEN SCHRIFTLICHEN ZUSTIMMUNG DES ANBIETERS ODER JEWEILIGEN RECHTEINHABERS. DIES GILT INSBESONDERE F\u00dcR VERVIELF\u00c4LTIGUNG, BEARBEITUNG, BERSETZUNG, EINSPEICHERUNG, VERARBEITUNG BZW. WIEDERGABE VON INHALTEN IN DATENBANKEN ODER ANDEREN ELEKTRONISCHEN MEDIEN UND SYSTEMEN. INHALTE UND RECHTE DRITTER SIND DABEI ALS SOLCHE GEKENNZEICHNET. DIE UNERLAUBTE VERVIELF\u00c4LTIGUNG ODER WEITERGABE EINZELNER INHALTE ODER KOMPLETTER SEITEN IST NICHT GESTATTET UND STRAFBAR. LEDIGLICH DIE HERSTELLUNG VON KOPIEN UND DOWNLOADS F\u00dcR DEN PERS\u00d6NLICHEN, PRIVATEN UND NICHT KOMMERZIELLEN GEBRAUCH IST ERLAUBT.<\/span><br \/><span style=\\\"color: #f0f0f0;\\\">DIE DARSTELLUNG DIESER WEBSITE IN FREMDEN FRAMES IST NUR MIT SCHRIFTLICHER ERLAUBNIS ZUL\u00c4SSIG.<\/span><\/p><p><span style=\\\"color: #f0f0f0;\\\">BESONDERE NUTZUNGSBEDINGUNGEN<\/span><br \/><span style=\\\"color: #f0f0f0;\\\">SOWEIT BESONDERE BEDINGUNGEN F\u00dcR EINZELNE NUTZUNGEN DIESER WEBSITE VON DEN VORGENANNTEN PARAGRAPHEN ABWEICHEN, WIRD AN ENTSPRECHENDER STELLE AUSDR\u00dcCKLICH DARAUF HINGEWIESEN. IN DIESEM FALLE GELTEN IM JEWEILIGEN EINZELFALL DIE BESONDEREN NUTZUNGSBEDINGUNGEN.<\/span><\/p><p>\u00a0<\/p><p><br \/><span style=\\\"color: #f0f0f0;\\\">DATENSCHUTZERKL\u00c4RUNG<\/span><br \/><span style=\\\"color: #f0f0f0;\\\">\u00a0<\/span><br \/><span style=\\\"color: #f0f0f0;\\\">DATENSCHUTZ<\/span><br \/><span style=\\\"color: #f0f0f0;\\\">DIE BETREIBER DIESER SEITEN NEHMEN DEN SCHUTZ IHRER PERS\u00d6NLICHEN DATEN SEHR ERNST. WIR BEHANDELN IHRE PERSONENBEZOGENEN DATEN VERTRAULICH UND ENTSPRECHEND DER GESETZLICHEN DATENSCHUTZVORSCHRIFTEN SOWIE DIESER DATENSCHUTZERKL\u00c4RUNG.<\/span><br \/><span style=\\\"color: #f0f0f0;\\\">DIE NUTZUNG UNSERER WEBSITE IST IN DER REGEL OHNE ANGABE PERSONENBEZOGENER DATEN M\u00d6GLICH. SOWEIT AUF UNSEREN SEITEN PERSONENBEZOGENE DATEN (BEISPIELSWEISE NAME, ANSCHRIFT ODER E-MAIL-ADRESSEN) ERHOBEN WERDEN, ERFOLGT DIES, SOWEIT M\u00d6GLICH, STETS AUF FREIWILLIGER BASIS. DIESE DATEN WERDEN OHNE IHRE AUSDR\u00dcCKLICHE ZUSTIMMUNG NICHT AN DRITTE WEITERGEGEBEN.<\/span><br \/><span style=\\\"color: #f0f0f0;\\\">WIR WEISEN DARAUF HIN, DASS DIE DATEN\u00dcBERTRAGUNG IM INTERNET (Z.B. BEI DER KOMMUNIKATION PER E-MAIL) SICHERHEITSL\u00dcCKEN AUFWEISEN KANN. EIN L\u00dcCKENLOSER SCHUTZ DER DATEN VOR DEM ZUGRIFF DURCH DRITTE IST NICHT M\u00d6GLICH.<\/span><br \/><span style=\\\"color: #f0f0f0;\\\">\u00a0<\/span><br \/><span style=\\\"color: #f0f0f0;\\\">COOKIES<\/span><br \/><span style=\\\"color: #f0f0f0;\\\">DIE INTERNETSEITEN VERWENDEN TEILWEISE SO GENANNTE COOKIES. COOKIES RICHTEN AUF IHREM RECHNER KEINEN SCHADEN AN UND ENTHALTEN KEINE VIREN. COOKIES DIENEN DAZU, UNSER ANGEBOT NUTZERFREUNDLICHER, EFFEKTIVER UND SICHERER ZU MACHEN. COOKIES SIND KLEINE TEXTDATEIEN, DIE AUF IHREM RECHNER ABGELEGT WERDEN UND DIE IHR BROWSER SPEICHERT.<\/span><br \/><span style=\\\"color: #f0f0f0;\\\">DIE MEISTEN DER VON UNS VERWENDETEN COOKIES SIND SO GENANNTE \u201eSESSION-COOKIES\u201c. SIE WERDEN NACH ENDE IHRES BESUCHS AUTOMATISCH GEL\u00d6SCHT. ANDERE COOKIES BLEIBEN AUF IHREM ENDGER\u00c4T GESPEICHERT, BIS SIE DIESE L\u00d6SCHEN. DIESE COOKIES ERM\u00d6GLICHEN ES UNS, IHREN BROWSER BEIM N\u00c4CHSTEN BESUCH WIEDERZUERKENNEN.<\/span><br \/><span style=\\\"color: #f0f0f0;\\\">SIE K\u00d6NNEN IHREN BROWSER SO EINSTELLEN, DASS SIE \u00dcBER DAS SETZEN VON COOKIES INFORMIERT WERDEN UND COOKIES NUR IM EINZELFALL ERLAUBEN, DIE ANNAHME VON COOKIES F\u00dcR BESTIMMTE F\u00c4LLE ODER GENERELL AUSSCHLIESSEN SOWIE DAS AUTOMATISCHE L\u00d6SCHEN DER COOKIES BEIM SCHLIESSEN DES BROWSER AKTIVIEREN. BEI DER DEAKTIVIERUNG VON COOKIES KANN DIE FUNKTIONALIT\u00c4T DIESER WEBSITE EINGESCHR\u00c4NKT SEIN.<\/span><\/p><p>\u00a0<\/p>\",\r\n      \"align\": \"top\",\r\n      \"row\": 0,\r\n      \"col\": 0,\r\n      \"colspan\": 8,\r\n      \"offsetx\": 0,\r\n      \"offsety\": 0,\r\n      \"spaceabove\": 0,\r\n      \"spacebelow\": 0,\r\n      \"yvel\": 1,\r\n      \"push\": 0,\r\n      \"relid\": 4,\r\n      \"frameOverflow\": \"\"\r\n    }\r\n  ]\r\n}","phonegrid":"{\r\n  \"colCount\": 12,\r\n  \"colGutter\": 1,\r\n  \"rowGutters\": [],\r\n  \"frameMargin\": 5,\r\n  \"leftFrameMargin\": 5,\r\n  \"rightFrameMargin\": 5,\r\n  \"topFrameMargin\": \"10\",\r\n  \"bottomFrameMargin\": 5,\r\n  \"rowAttrs\": [\r\n    {\r\n      \"relid\": 1\r\n    }\r\n  ],\r\n  \"bgColor\": \"#2d2d2d\",\r\n  \"cont\": [\r\n    {\r\n      \"type\": \"text\",\r\n      \"cont\": \"<p style=\\\"line-height: 1;\\\">\u00a0<\/p><p><span style=\\\"color: #f0f0f0; font-size: 35px;\\\">IMPRESSUM<\/span><\/p><p><span style=\\\"color: #f0f0f0;\\\">\u00a92025 CHRISTIAN HOLL, DIE FOTOGRAF:INNEN UND AUTOR:INNEN<\/span><br \/><span style=\\\"color: #f0f0f0;\\\">ALLE RECHTE VORBEHALTEN<\/span><\/p><p>\u00a0<\/p><p><br \/><span style=\\\"color: #f0f0f0;\\\">CHRISTIAN HOLL<\/span><br \/><span style=\\\"color: #f0f0f0;\\\">FENSKESTR. 23<\/span><br \/><span style=\\\"color: #f0f0f0;\\\">30165 HANNOVER<\/span><br \/><span style=\\\"color: #f0f0f0;\\\">INFO@CHRISTIANHOLL.DE\u2028<\/span><\/p><p>\u00a0<\/p><p>\u00a0<\/p><p><span style=\\\"color: #f0f0f0;\\\">RECHTLICHE HINWEISE<\/span><br \/><span style=\\\"color: #f0f0f0;\\\">\u00a0<\/span><br \/><span style=\\\"color: #f0f0f0;\\\">HAFTUNGSBESCHR\u00c4NKUNG<\/span><br \/><span style=\\\"color: #f0f0f0;\\\">DIE INHALTE DIESER WEBSITE WERDEN MIT GR\u00d6SSTM\u00d6GLICHER SORGFALT ERSTELLT. DER ANBIETER \u00dcBERNIMMT JEDOCH KEINE GEW\u00c4HR F\u00dcR DIE RICHTIGKEIT, VOLLST\u00c4NDIGKEIT UND AKTUALIT\u00c4T DER BEREITGESTELLTEN INHALTE. DIE NUTZUNG DER INHALTE DER WEBSITE ERFOLGT AUF EIGENE GEFAHR DES NUTZERS. NAMENTLICH GEKENNZEICHNETE BEITR\u00c4GE GEBEN DIE MEINUNG DES JEWEILIGEN AUTORS UND NICHT IMMER DIE MEINUNG DES ANBIETERS WIEDER. MIT DER REINEN NUTZUNG DER WEBSITE DES ANBIETERS KOMMT KEINERLEI VERTRAGSVERH\u00c4LTNIS ZWISCHEN DEM NUTZER UND DEM ANBIETER ZUSTANDE.<\/span><\/p><p><span style=\\\"color: #f0f0f0;\\\">EXTERNE LINKS<\/span><br \/><span style=\\\"color: #f0f0f0;\\\">DIESE WEBSITE ENTH\u00c4LT VERKN\u00dcPFUNGEN ZU WEBSITES DRITTER (\u201eEXTERNE LINKS\u201c). DIESE WEBSITES UNTERLIEGEN DER HAFTUNG DER JEWEILIGEN BETREIBER. DER ANBIETER HAT BEI DER ERSTMALIGEN VERKN\u00dcPFUNG DER EXTERNEN LINKS DIE FREMDEN INHALTE DARAUFHIN \u00dcBERPR\u00dcFT, OB ETWAIGE RECHTSVERST\u00d6SSE BESTEHEN. ZU DEM ZEITPUNKT WAREN KEINE RECHTSVERST\u00d6SSE ERSICHTLICH. DER ANBIETER HAT KEINERLEI EINFLUSS AUF DIE AKTUELLE UND ZUK\u00dcNFTIGE GESTALTUNG UND AUF DIE INHALTE DER VERKN\u00dcPFTEN SEITEN. DAS SETZEN VON EXTERNEN LINKS BEDEUTET NICHT, DASS SICH DER ANBIETER DIE HINTER DEM VERWEIS ODER LINK LIEGENDEN INHALTE ZU EIGEN MACHT. EINE ST\u00c4NDIGE KONTROLLE DER EXTERNEN LINKS IST F\u00dcR DEN ANBIETER OHNE KONKRETE HINWEISE AUF RECHTSVERST\u00d6SSE NICHT UMUTBAR. BEI KENNTNIS VON RECHTSVERST\u00d6SSEN WERDEN JEDOCH DERARTIGE EXTERNE LINKS UNVERZ\u00dcGLICH GEL\u00d6SCHT.<\/span><\/p><p><span style=\\\"color: #f0f0f0;\\\">URHEBER- UND LEISTUNGSSCHUTZRECHTE<\/span><br \/><span style=\\\"color: #f0f0f0;\\\">DIE AUF DIESER WEBSITE VER\u00d6FFENTLICHTEN INHALTE UNTERLIEGEN DEM DEUTSCHEN URHEBER- UND LEISTUNGSSCHUTZRECHT. JEDE VOM DEUTSCHEN URHEBER- UND LEISTUNGSSCHUTZRECHT NICHT ZUGELASSENE VERWERTUNG BEDARF DER VORHERIGEN SCHRIFTLICHEN ZUSTIMMUNG DES ANBIETERS ODER JEWEILIGEN RECHTEINHABERS. DIES GILT INSBESONDERE F\u00dcR VERVIELF\u00c4LTIGUNG, BEARBEITUNG, BERSETZUNG, EINSPEICHERUNG, VERARBEITUNG BZW. WIEDERGABE VON INHALTEN IN DATENBANKEN ODER ANDEREN ELEKTRONISCHEN MEDIEN UND SYSTEMEN. INHALTE UND RECHTE DRITTER SIND DABEI ALS SOLCHE GEKENNZEICHNET. DIE UNERLAUBTE VERVIELF\u00c4LTIGUNG ODER WEITERGABE EINZELNER INHALTE ODER KOMPLETTER SEITEN IST NICHT GESTATTET UND STRAFBAR. LEDIGLICH DIE HERSTELLUNG VON KOPIEN UND DOWNLOADS F\u00dcR DEN PERS\u00d6NLICHEN, PRIVATEN UND NICHT KOMMERZIELLEN GEBRAUCH IST ERLAUBT.<\/span><br \/><span style=\\\"color: #f0f0f0;\\\">DIE DARSTELLUNG DIESER WEBSITE IN FREMDEN FRAMES IST NUR MIT SCHRIFTLICHER ERLAUBNIS ZUL\u00c4SSIG.<\/span><\/p><p><span style=\\\"color: #f0f0f0;\\\">BESONDERE NUTZUNGSBEDINGUNGEN<\/span><br \/><span style=\\\"color: #f0f0f0;\\\">SOWEIT BESONDERE BEDINGUNGEN F\u00dcR EINZELNE NUTZUNGEN DIESER WEBSITE VON DEN VORGENANNTEN PARAGRAPHEN ABWEICHEN, WIRD AN ENTSPRECHENDER STELLE AUSDR\u00dcCKLICH DARAUF HINGEWIESEN. IN DIESEM FALLE GELTEN IM JEWEILIGEN EINZELFALL DIE BESONDEREN NUTZUNGSBEDINGUNGEN.<\/span><\/p><p>\u00a0<\/p><p><br \/><span style=\\\"color: #f0f0f0;\\\">DATENSCHUTZERKL\u00c4RUNG<\/span><br \/><span style=\\\"color: #f0f0f0;\\\">\u00a0<\/span><br \/><span style=\\\"color: #f0f0f0;\\\">DATENSCHUTZ<\/span><br \/><span style=\\\"color: #f0f0f0;\\\">DIE BETREIBER DIESER SEITEN NEHMEN DEN SCHUTZ IHRER PERS\u00d6NLICHEN DATEN SEHR ERNST. WIR BEHANDELN IHRE PERSONENBEZOGENEN DATEN VERTRAULICH UND ENTSPRECHEND DER GESETZLICHEN DATENSCHUTZVORSCHRIFTEN SOWIE DIESER DATENSCHUTZERKL\u00c4RUNG.<\/span><br \/><span style=\\\"color: #f0f0f0;\\\">DIE NUTZUNG UNSERER WEBSITE IST IN DER REGEL OHNE ANGABE PERSONENBEZOGENER DATEN M\u00d6GLICH. SOWEIT AUF UNSEREN SEITEN PERSONENBEZOGENE DATEN (BEISPIELSWEISE NAME, ANSCHRIFT ODER E-MAIL-ADRESSEN) ERHOBEN WERDEN, ERFOLGT DIES, SOWEIT M\u00d6GLICH, STETS AUF FREIWILLIGER BASIS. DIESE DATEN WERDEN OHNE IHRE AUSDR\u00dcCKLICHE ZUSTIMMUNG NICHT AN DRITTE WEITERGEGEBEN.<\/span><br \/><span style=\\\"color: #f0f0f0;\\\">WIR WEISEN DARAUF HIN, DASS DIE DATEN\u00dcBERTRAGUNG IM INTERNET (Z.B. BEI DER KOMMUNIKATION PER E-MAIL) SICHERHEITSL\u00dcCKEN AUFWEISEN KANN. EIN L\u00dcCKENLOSER SCHUTZ DER DATEN VOR DEM ZUGRIFF DURCH DRITTE IST NICHT M\u00d6GLICH.<\/span><br \/><span style=\\\"color: #f0f0f0;\\\">\u00a0<\/span><br \/><span style=\\\"color: #f0f0f0;\\\">COOKIES<\/span><br \/><span style=\\\"color: #f0f0f0;\\\">DIE INTERNETSEITEN VERWENDEN TEILWEISE SO GENANNTE COOKIES. COOKIES RICHTEN AUF IHREM RECHNER KEINEN SCHADEN AN UND ENTHALTEN KEINE VIREN. COOKIES DIENEN DAZU, UNSER ANGEBOT NUTZERFREUNDLICHER, EFFEKTIVER UND SICHERER ZU MACHEN. COOKIES SIND KLEINE TEXTDATEIEN, DIE AUF IHREM RECHNER ABGELEGT WERDEN UND DIE IHR BROWSER SPEICHERT.<\/span><br \/><span style=\\\"color: #f0f0f0;\\\">DIE MEISTEN DER VON UNS VERWENDETEN COOKIES SIND SO GENANNTE \u201eSESSION-COOKIES\u201c. SIE WERDEN NACH ENDE IHRES BESUCHS AUTOMATISCH GEL\u00d6SCHT. ANDERE COOKIES BLEIBEN AUF IHREM ENDGER\u00c4T GESPEICHERT, BIS SIE DIESE L\u00d6SCHEN. DIESE COOKIES ERM\u00d6GLICHEN ES UNS, IHREN BROWSER BEIM N\u00c4CHSTEN BESUCH WIEDERZUERKENNEN.<\/span><br \/><span style=\\\"color: #f0f0f0;\\\">SIE K\u00d6NNEN IHREN BROWSER SO EINSTELLEN, DASS SIE \u00dcBER DAS SETZEN VON COOKIES INFORMIERT WERDEN UND COOKIES NUR IM EINZELFALL ERLAUBEN, DIE ANNAHME VON COOKIES F\u00dcR BESTIMMTE F\u00c4LLE ODER GENERELL AUSSCHLIESSEN SOWIE DAS AUTOMATISCHE L\u00d6SCHEN DER COOKIES BEIM SCHLIESSEN DES BROWSER AKTIVIEREN. BEI DER DEAKTIVIERUNG VON COOKIES KANN DIE FUNKTIONALIT\u00c4T DIESER WEBSITE EINGESCHR\u00c4NKT SEIN.<\/span><\/p><p>\u00a0<\/p>\",\r\n      \"align\": \"top\",\r\n      \"row\": 0,\r\n      \"col\": 0,\r\n      \"colspan\": 12,\r\n      \"offsetx\": 0,\r\n      \"offsety\": 0,\r\n      \"spaceabove\": 0,\r\n      \"spacebelow\": 0,\r\n      \"yvel\": 1,\r\n      \"push\": 0,\r\n      \"relid\": 4,\r\n      \"absolute_position\": false,\r\n      \"frameOverflow\": \"\"\r\n    }\r\n  ]\r\n}","_links":{"self":[{"href":"https:\/\/christianholl.de\/en\/wp-json\/wp\/v2\/pages\/504","targetHints":{"allow":["GET"]}}],"collection":[{"href":"https:\/\/christianholl.de\/en\/wp-json\/wp\/v2\/pages"}],"about":[{"href":"https:\/\/christianholl.de\/en\/wp-json\/wp\/v2\/types\/page"}],"author":[{"embeddable":true,"href":"https:\/\/christianholl.de\/en\/wp-json\/wp\/v2\/users\/1"}],"replies":[{"embeddable":true,"href":"https:\/\/christianholl.de\/en\/wp-json\/wp\/v2\/comments?post=504"}],"version-history":[{"count":0,"href":"https:\/\/christianholl.de\/en\/wp-json\/wp\/v2\/pages\/504\/revisions"}],"wp:attachment":[{"href":"https:\/\/christianholl.de\/en\/wp-json\/wp\/v2\/media?parent=504"}],"curies":[{"name":"wp","href":"https:\/\/api.w.org\/{rel}","templated":true}]}}